{"id":302,"date":"2018-06-11T07:38:31","date_gmt":"2018-06-11T07:38:31","guid":{"rendered":"https:\/\/samanmedcoke.is\/herferdin\/"},"modified":"2018-06-27T16:22:47","modified_gmt":"2018-06-27T16:22:47","slug":"herferdin","status":"publish","type":"page","link":"https:\/\/samanmedcoke.is\/en\/","title":{"rendered":"Herfer\u00f0in"},"content":{"rendered":"","protected":false},"excerpt":{"rendered":"","protected":false},"author":1,"featured_media":0,"parent":0,"menu_order":3,"comment_status":"closed","ping_status":"closed","template":"page-after-launch.php","meta":{"_exactmetrics_skip_tracking":false,"_exactmetrics_sitenote_active":false,"_exactmetrics_sitenote_note":"","_exactmetrics_sitenote_category":0,"footnotes":""},"class_list":["post-302","page","type-page","status-publish","hentry"],"acf":[],"yoast_head":"<!-- This site is optimized with the Yoast SEO plugin v27.5 - https:\/\/yoast.com\/product\/yoast-seo-wordpress\/ -->\n<title>Herfer\u00f0in - Coke.is<\/title>\n<meta name=\"robots\" content=\"index, follow, max-snippet:-1, max-image-preview:large, max-video-preview:-1\" \/>\n<link rel=\"canonical\" href=\"https:\/\/samanmedcoke-avista-cloud-1.tempurl.host\/en\/herferdin\/\" \/>\n<meta property=\"og:locale\" content=\"en_US\" \/>\n<meta property=\"og:type\" content=\"article\" \/>\n<meta property=\"og:title\" content=\"SAMAN me\u00f0 Coca-Cola\" \/>\n<meta property=\"og:description\" content=\"Kynntu \u00fe\u00e9r herfer\u00f0 Coca-Cola \u00e1 \u00cdslandi fyrir HM 2018.\" \/>\n<meta property=\"og:url\" content=\"https:\/\/samanmedcoke-avista-cloud-1.tempurl.host\/en\/herferdin\/\" \/>\n<meta property=\"og:site_name\" content=\"Coke.is\" \/>\n<meta property=\"article:modified_time\" content=\"2018-06-27T16:22:47+00:00\" \/>\n<meta property=\"og:image\" content=\"https:\/\/samanmedcoke-avista-cloud-1.tempurl.host\/wp-content\/uploads\/2018\/06\/facebook_metadata.png\" \/>\n\t<meta property=\"og:image:width\" content=\"1200\" \/>\n\t<meta property=\"og:image:height\" content=\"600\" \/>\n\t<meta property=\"og:image:type\" content=\"image\/png\" \/>\n<meta name=\"twitter:card\" content=\"summary_large_image\" \/>\n<meta name=\"twitter:title\" content=\"SAMAN me\u00f0 Coca-Cola\" \/>\n<meta name=\"twitter:description\" content=\"Kynntu \u00fe\u00e9r herfer\u00f0 Coca-Cola \u00e1 \u00cdslandi fyrir HM 2018.\" \/>\n<meta name=\"twitter:image\" content=\"http:\/\/samanmedcoke-avista-cloud-1.tempurl.host\/wp-content\/uploads\/2018\/06\/twitter_metadata.png\" \/>\n<script type=\"application\/ld+json\" class=\"yoast-schema-graph\">{\"@context\":\"https:\\\/\\\/schema.org\",\"@graph\":[{\"@type\":\"WebPage\",\"@id\":\"https:\\\/\\\/samanmedcoke-avista-cloud-1.tempurl.host\\\/en\\\/herferdin\\\/\",\"url\":\"https:\\\/\\\/samanmedcoke-avista-cloud-1.tempurl.host\\\/en\\\/herferdin\\\/\",\"name\":\"Herfer\u00f0in - Coke.is\",\"isPartOf\":{\"@id\":\"https:\\\/\\\/samanmedcoke-avista-cloud-1.tempurl.host\\\/#website\"},\"datePublished\":\"2018-06-11T07:38:31+00:00\",\"dateModified\":\"2018-06-27T16:22:47+00:00\",\"breadcrumb\":{\"@id\":\"https:\\\/\\\/samanmedcoke-avista-cloud-1.tempurl.host\\\/en\\\/herferdin\\\/#breadcrumb\"},\"inLanguage\":\"en-US\",\"potentialAction\":[{\"@type\":\"ReadAction\",\"target\":[\"https:\\\/\\\/samanmedcoke-avista-cloud-1.tempurl.host\\\/en\\\/herferdin\\\/\"]}]},{\"@type\":\"BreadcrumbList\",\"@id\":\"https:\\\/\\\/samanmedcoke-avista-cloud-1.tempurl.host\\\/en\\\/herferdin\\\/#breadcrumb\",\"itemListElement\":[{\"@type\":\"ListItem\",\"position\":1,\"name\":\"Home\",\"item\":\"https:\\\/\\\/samanmedcoke-avista-cloud-1.tempurl.host\\\/en\\\/herferdin\\\/\"},{\"@type\":\"ListItem\",\"position\":2,\"name\":\"Herfer\u00f0in\"}]},{\"@type\":\"WebSite\",\"@id\":\"https:\\\/\\\/samanmedcoke-avista-cloud-1.tempurl.host\\\/#website\",\"url\":\"https:\\\/\\\/samanmedcoke-avista-cloud-1.tempurl.host\\\/\",\"name\":\"Coke.is\",\"description\":\"HM 2018\",\"potentialAction\":[{\"@type\":\"SearchAction\",\"target\":{\"@type\":\"EntryPoint\",\"urlTemplate\":\"https:\\\/\\\/samanmedcoke-avista-cloud-1.tempurl.host\\\/?s={search_term_string}\"},\"query-input\":{\"@type\":\"PropertyValueSpecification\",\"valueRequired\":true,\"valueName\":\"search_term_string\"}}],\"inLanguage\":\"en-US\"}]}<\/script>\n<!-- \/ Yoast SEO plugin. -->","yoast_head_json":{"title":"Herfer\u00f0in - Coke.is","robots":{"index":"index","follow":"follow","max-snippet":"max-snippet:-1","max-image-preview":"max-image-preview:large","max-video-preview":"max-video-preview:-1"},"canonical":"https:\/\/samanmedcoke-avista-cloud-1.tempurl.host\/en\/herferdin\/","og_locale":"en_US","og_type":"article","og_title":"SAMAN me\u00f0 Coca-Cola","og_description":"Kynntu \u00fe\u00e9r herfer\u00f0 Coca-Cola \u00e1 \u00cdslandi fyrir HM 2018.","og_url":"https:\/\/samanmedcoke-avista-cloud-1.tempurl.host\/en\/herferdin\/","og_site_name":"Coke.is","article_modified_time":"2018-06-27T16:22:47+00:00","og_image":[{"width":1200,"height":600,"url":"https:\/\/samanmedcoke-avista-cloud-1.tempurl.host\/wp-content\/uploads\/2018\/06\/facebook_metadata.png","type":"image\/png"}],"twitter_card":"summary_large_image","twitter_title":"SAMAN me\u00f0 Coca-Cola","twitter_description":"Kynntu \u00fe\u00e9r herfer\u00f0 Coca-Cola \u00e1 \u00cdslandi fyrir HM 2018.","twitter_image":"http:\/\/samanmedcoke-avista-cloud-1.tempurl.host\/wp-content\/uploads\/2018\/06\/twitter_metadata.png","schema":{"@context":"https:\/\/schema.org","@graph":[{"@type":"WebPage","@id":"https:\/\/samanmedcoke-avista-cloud-1.tempurl.host\/en\/herferdin\/","url":"https:\/\/samanmedcoke-avista-cloud-1.tempurl.host\/en\/herferdin\/","name":"Herfer\u00f0in - Coke.is","isPartOf":{"@id":"https:\/\/samanmedcoke-avista-cloud-1.tempurl.host\/#website"},"datePublished":"2018-06-11T07:38:31+00:00","dateModified":"2018-06-27T16:22:47+00:00","breadcrumb":{"@id":"https:\/\/samanmedcoke-avista-cloud-1.tempurl.host\/en\/herferdin\/#breadcrumb"},"inLanguage":"en-US","potentialAction":[{"@type":"ReadAction","target":["https:\/\/samanmedcoke-avista-cloud-1.tempurl.host\/en\/herferdin\/"]}]},{"@type":"BreadcrumbList","@id":"https:\/\/samanmedcoke-avista-cloud-1.tempurl.host\/en\/herferdin\/#breadcrumb","itemListElement":[{"@type":"ListItem","position":1,"name":"Home","item":"https:\/\/samanmedcoke-avista-cloud-1.tempurl.host\/en\/herferdin\/"},{"@type":"ListItem","position":2,"name":"Herfer\u00f0in"}]},{"@type":"WebSite","@id":"https:\/\/samanmedcoke-avista-cloud-1.tempurl.host\/#website","url":"https:\/\/samanmedcoke-avista-cloud-1.tempurl.host\/","name":"Coke.is","description":"HM 2018","potentialAction":[{"@type":"SearchAction","target":{"@type":"EntryPoint","urlTemplate":"https:\/\/samanmedcoke-avista-cloud-1.tempurl.host\/?s={search_term_string}"},"query-input":{"@type":"PropertyValueSpecification","valueRequired":true,"valueName":"search_term_string"}}],"inLanguage":"en-US"}]}},"_links":{"self":[{"href":"https:\/\/samanmedcoke.is\/en\/wp-json\/wp\/v2\/pages\/302","targetHints":{"allow":["GET"]}}],"collection":[{"href":"https:\/\/samanmedcoke.is\/en\/wp-json\/wp\/v2\/pages"}],"about":[{"href":"https:\/\/samanmedcoke.is\/en\/wp-json\/wp\/v2\/types\/page"}],"author":[{"embeddable":true,"href":"https:\/\/samanmedcoke.is\/en\/wp-json\/wp\/v2\/users\/1"}],"replies":[{"embeddable":true,"href":"https:\/\/samanmedcoke.is\/en\/wp-json\/wp\/v2\/comments?post=302"}],"version-history":[{"count":0,"href":"https:\/\/samanmedcoke.is\/en\/wp-json\/wp\/v2\/pages\/302\/revisions"}],"wp:attachment":[{"href":"https:\/\/samanmedcoke.is\/en\/wp-json\/wp\/v2\/media?parent=302"}],"curies":[{"name":"wp","href":"https:\/\/api.w.org\/{rel}","templated":true}]}}